{"id":1203,"date":"2025-07-02T16:17:33","date_gmt":"2025-07-02T14:17:33","guid":{"rendered":"https:\/\/www.betriebsrat24.at\/?page_id=1203"},"modified":"2025-07-02T16:20:16","modified_gmt":"2025-07-02T14:20:16","slug":"news-und-information","status":"publish","type":"page","link":"https:\/\/www.betriebsrat24.at\/","title":{"rendered":"News und Information"},"content":{"rendered":"\t\t<div data-elementor-type=\"wp-page\" data-elementor-id=\"1203\" class=\"elementor elementor-1203\">\n\t\t\t\t<div class=\"elementor-element elementor-element-c3ef647 e-flex e-con-boxed wpr-particle-no wpr-jarallax-no wpr-parallax-no wpr-sticky-section-no e-con e-parent\" data-id=\"c3ef647\" data-element_type=\"container\">\n\t\t\t\t\t<div class=\"e-con-inner\">\n\t\t\t\t<div class=\"elementor-element elementor-element-5ffbc8e elementor-widget elementor-widget-heading\" data-id=\"5ffbc8e\" data-element_type=\"widget\" data-widget_type=\"heading.default\">\n\t\t\t\t<div class=\"elementor-widget-container\">\n\t\t\t\t\t<h2 class=\"elementor-heading-title elementor-size-default\">Add Your Heading Text Here<\/h2>\t\t\t\t<\/div>\n\t\t\t\t<\/div>\n\t\t\t\t\t<\/div>\n\t\t\t\t<\/div>\n\t\t<div class=\"elementor-element elementor-element-2af69e3 e-flex e-con-boxed wpr-particle-no wpr-jarallax-no wpr-parallax-no wpr-sticky-section-no e-con e-parent\" data-id=\"2af69e3\" data-element_type=\"container\">\n\t\t\t\t\t<div class=\"e-con-inner\">\n\t\t\t\t<div class=\"elementor-element elementor-element-55eacfd elementor-widget elementor-widget-text-editor\" data-id=\"55eacfd\" data-element_type=\"widget\" data-widget_type=\"text-editor.default\">\n\t\t\t\t<div class=\"elementor-widget-container\">\n\t\t\t\t\t\t\t\t\t<p>Lorem ipsum dolor sit amet, consectetur adipiscing elit. Ut elit tellus, luctus nec ullamcorper mattis, pulvinar dapibus leo.&lt;p&gt;Um News oder Informationen abzurufen, kannst du einen Suchbegriff eingeben, oder alle Beitr\u00e4ge zu einer bestimmten Kategorie ausw\u00e4hlen. Ohne Auswahl siehst du auf dieser Seite ALLE Beitr\u00e4ge nach Datum sortiert &#8230;&lt;\/p&gt;<\/p><p>&lt;p&gt;[searchandfilter fields=&#8220;search,category&#8220;]&lt;\/p&gt;<\/p>\t\t\t\t\t\t\t\t<\/div>\n\t\t\t\t<\/div>\n\t\t\t\t\t<\/div>\n\t\t\t\t<\/div>\n\t\t\t\t<\/div>\n\t\t","protected":false},"excerpt":{"rendered":"<p>Add Your Heading Text Here Lorem ipsum dolor sit amet, consectetur adipiscing elit. Ut elit tellus, luctus nec ullamcorper mattis, pulvinar dapibus leo.&lt;p&gt;Um News oder Informationen abzurufen, kannst du einen Suchbegriff eingeben, oder alle Beitr\u00e4ge zu einer bestimmten Kategorie ausw\u00e4hlen. Ohne Auswahl siehst du auf dieser Seite ALLE Beitr\u00e4ge nach Datum sortiert &#8230;&lt;\/p&gt; &lt;p&gt;[searchandfilter fields=&#8220;search,category&#8220;]&lt;\/p&gt;<\/p>\n","protected":false},"author":1,"featured_media":0,"parent":0,"menu_order":0,"comment_status":"closed","ping_status":"closed","template":"","meta":{"footnotes":""},"class_list":["post-1203","page","type-page","status-publish","hentry"],"_links":{"self":[{"href":"https:\/\/www.betriebsrat24.at\/index.php?rest_route=\/wp\/v2\/pages\/1203","targetHints":{"allow":["GET"]}}],"collection":[{"href":"https:\/\/www.betriebsrat24.at\/index.php?rest_route=\/wp\/v2\/pages"}],"about":[{"href":"https:\/\/www.betriebsrat24.at\/index.php?rest_route=\/wp\/v2\/types\/page"}],"author":[{"embeddable":true,"href":"https:\/\/www.betriebsrat24.at\/index.php?rest_route=\/wp\/v2\/users\/1"}],"replies":[{"embeddable":true,"href":"https:\/\/www.betriebsrat24.at\/index.php?rest_route=%2Fwp%2Fv2%2Fcomments&post=1203"}],"version-history":[{"count":3,"href":"https:\/\/www.betriebsrat24.at\/index.php?rest_route=\/wp\/v2\/pages\/1203\/revisions"}],"predecessor-version":[{"id":1207,"href":"https:\/\/www.betriebsrat24.at\/index.php?rest_route=\/wp\/v2\/pages\/1203\/revisions\/1207"}],"wp:attachment":[{"href":"https:\/\/www.betriebsrat24.at\/index.php?rest_route=%2Fwp%2Fv2%2Fmedia&parent=1203"}],"curies":[{"name":"wp","href":"https:\/\/api.w.org\/{rel}","templated":true}]}}